{"id":3,"date":"2019-11-03T20:56:15","date_gmt":"2019-11-03T19:56:15","guid":{"rendered":"http:\/\/dromos.network\/?page_id=3"},"modified":"2022-05-15T11:49:09","modified_gmt":"2022-05-15T09:49:09","slug":"data-privacy","status":"publish","type":"page","link":"https:\/\/dromos.network\/de\/dromos-en\/data-privacy\/","title":{"rendered":"Data-Privacy"},"content":{"rendered":"<section class=\"av_textblock_section\"  itemscope=\"itemscope\" itemtype=\"https:\/\/schema.org\/CreativeWork\" ><div class='avia_textblock'   itemprop=\"text\" ><h2>DATENSCHUTZERKL\u00c4RUNG<\/h2>\n<p>Der Schutz personenbezogener Daten ist uns ein wichtiges Anliegen. Deshalb verarbeitet die Dromos GmbH personenbezogene Daten in \u00dcbereinstimmung mit den anwendbaren Rechtsvorschriften zum Schutz personenbezogener Daten und zur Datensicherheit.<\/p>\n<h4><strong>1. Verarbeitung personenbezogener Daten im Zusammenhang mit Ihrer Nutzung unserer Webseiten, Applikationen und Online-Plattformen<\/strong><\/h4>\n<p>Datenkategorien, Zweck der Verarbeitung und Rechtsgrundlage:<\/p>\n<p>Im Rahmen Ihrer Nutzung unserer Webseite verarbeitet Dromos GmbH folgende personenbezogene Daten:<\/p>\n<ul>\n<li><span style=\"color: #3f3f3f;\">Personenbezogene Daten, die Sie selbst freiwillig in die Webseite eingeben, wie z.B. Vor- und Zuname, E-Mail-Adresse, Telefonnummer, Informationen, die im Rahmen einer Support-Anfrage angegeben werden, Kommentare oder Forenbeitr\u00e4ge und<\/span><\/li>\n<li><span style=\"color: #3f3f3f;\">Informationen, die automatisch von Ihrem Webbrowser oder Endger\u00e4t an uns gesendet werden, wie z.B. ihre IP-Adresse, Ger\u00e4tetyp, Browsertyp, vorher besuchte Webseite, besuchte Unterseiten oder Datum und die Uhrzeit der jeweiligen Besucheranfrage.<\/span><\/li>\n<\/ul>\n<p>Wir verarbeiten Ihre personenbezogenen Daten f\u00fcr folgende Zwecke:<\/p>\n<ul>\n<li><span style=\"color: #3f3f3f;\">um Ihre Anfrage zu bearbeiten, und<\/span><\/li>\n<li><span style=\"color: #3f3f3f;\">um unsere Nutzungsbedingungen durchzusetzen, Rechtsanspr\u00fcche geltend zu machen oder abzuwehren und um betr\u00fcgerische und \u00e4hnliche Handlungen, einschlie\u00dflich Angriffe auf unsere IT-Infrastruktur, abzuwehren und zu unterbinden.<\/span><\/li>\n<\/ul>\n<p>Die Verarbeitung der personenbezogenen Daten ist zur Erreichung der genannten Zwecke erforderlich. Soweit bei der Erhebung der personenbezogenen Daten nicht ausdr\u00fccklich anders angegeben, ist die Rechtsgrundlage f\u00fcr die Datenverarbeitung:<\/p>\n<ul>\n<li><span style=\"color: #3f3f3f;\">die Durchf\u00fchrung und Erf\u00fcllung eines Vertrags mit Ihnen (Artikel 6 (1) (b) der Datenschutzgrundverordnung),<\/span><\/li>\n<li><span style=\"color: #3f3f3f;\">die Erf\u00fcllung rechtlicher Pflichten, denen Dromos GmbH unterliegt (Artikel 6 (1) (c) der Datenschutzgrundverordnung), oder<\/span><\/li>\n<li><span style=\"color: #3f3f3f;\">die Wahrung berechtigter Interessen der Dromos GmbH (Artikel 6 (1) (f) der Datenschutzgrundverordnung).<\/span><\/li>\n<\/ul>\n<p>In einigen F\u00e4llen bitten wir Sie ausdr\u00fccklich um Ihre Einwilligung in die Verarbeitung der personenbezogenen Daten. In diesem Fall ist die Rechtsgrundlage f\u00fcr die Verarbeitung der personenbezogenen Daten die von Ihnen erteilte Einwilligung (Artikel 6 (1) (a) der Datenschutzgrundverordnung).<\/p>\n<p>Links zu anderen Webseiten<\/p>\n<p>Diese Datenschutzrichtlinie gilt nur f\u00fcr die Webseiten der Dromos GmbH und nicht f\u00fcr Webseiten und Applikationen Dritter. Unsere Webseiten k\u00f6nnen Links auf Webseiten und Applikationen Dritter enthalten, die m\u00f6glicherweise f\u00fcr Sie von Interesse sind. Wir sind weder f\u00fcr den Datenschutz noch den Inhalt solcher Webseiten verantwortlich.<\/p>\n<h4><strong>2. Verarbeitung von personenbezogenen Daten von Gesch\u00e4ftspartnern <\/strong><\/h4>\n<p>Datenkategorien, Zweck der Verarbeitung und Rechtsgrundlage:<\/p>\n<p>Im Rahmen der Zusammenarbeit mit Gesch\u00e4ftspartnern verarbeitet Dromos GmbH personenbezogene Daten von Ansprechpartnern bei Kunden, Interessenten, Vertriebspartnern, Lieferanten und Partnern (jeweils ein \"Gesch\u00e4ftspartner\"):<\/p>\n<ul>\n<li><span style=\"color: #3f3f3f;\">Kontaktinformationen, wie Vor- und Zunamen, gesch\u00e4ftliche Anschrift, gesch\u00e4ftliche Telefonnummer, gesch\u00e4ftliche Mobilfunknummer, gesch\u00e4ftliche Faxnummer und gesch\u00e4ftliche E-Mailadresse,<\/span><\/li>\n<li><span style=\"color: #3f3f3f;\">Zahlungsdaten, wie Angaben die zur Abwicklung von Zahlungsvorg\u00e4ngen oder Betrugspr\u00e4vention erforderlich sind, einschlie\u00dflich Kreditkarteninformationen und Kartenpr\u00fcfnummern,<\/span><\/li>\n<li><span style=\"color: #3f3f3f;\">weitere Informationen deren Verarbeitung im Rahmen eines Projekts oder der Abwicklung einer Vertragsbeziehung mit Dromos GmbH erforderlich sind oder die freiwillig von Gesch\u00e4ftspartnern angegeben werden, z.B. im Rahmen von get\u00e4tigten Bestellungen, Anfragen oder Projektdetails,<\/span><\/li>\n<li><span style=\"color: #3f3f3f;\">Personenbezogene Daten, die aus \u00f6ffentlich verf\u00fcgbaren Quellen, Informationsdatenbanken oder von Auskunfteien erhoben werden und<\/span><\/li>\n<li><span style=\"color: #3f3f3f;\">soweit rechtlich im Rahmen von Compliance Screenings erforderlich: Geburtsdatum, Ausweis und Ausweisnummern, Informationen zu relevanten Gerichtsverfahren und anderen Rechtsstreitigkeiten, in die Gesch\u00e4ftspartner involviert sind.<\/span><\/li>\n<\/ul>\n<p>Wir verarbeiten Ihre personenbezogenen Daten f\u00fcr folgende Zwecke:<\/p>\n<ul>\n<li><span style=\"color: #3f3f3f;\">Kommunikation mit Gesch\u00e4ftspartnern zu Produkten, Dienstleistungen und Projekten, z.B. um Anfragen des Gesch\u00e4ftspartners zu bearbeiten oder technische Informationen zu Produkten bereitzustellen,<\/span><\/li>\n<li><span style=\"color: #3f3f3f;\">Planung, Durchf\u00fchrung und Verwaltung der (vertraglichen) Gesch\u00e4ftsbeziehung zwischen Dromos GmbH und dem Gesch\u00e4ftspartner, z.B. um die Bestellung von Produkten und Dienstleistungen abzuwickeln, Zahlungen einzuziehen, zu Zwecken der Buchhaltung und Abrechnung und um Lieferungen, Wartungst\u00e4tigkeiten oder Reparaturen durchzuf\u00fchren,<\/span><\/li>\n<li><span style=\"color: #3f3f3f;\">Durchf\u00fchren von Kundenbefragungen, Marketingkampagnen, Marktanalysen, Gewinnspielen, Wettbewerben oder \u00e4hnlichen Aktionen und Events,<\/span><\/li>\n<li><span style=\"color: #3f3f3f;\">Aufrechterhalten und Schutz der Sicherheit unserer Produkte und Dienstleistungen sowie unserer Webseiten, Verhindern und Aufdecken von Sicherheitsrisiken, betr\u00fcgerischem Vorgehen oder anderen kriminellen oder mit Sch\u00e4digungsabsicht vorgenommenen Handlungen,<\/span><\/li>\n<li><span style=\"color: #3f3f3f;\">Einhalten von (i) rechtlichen Anforderungen (z.B. von steuer- und handelsrechtlichen Aufbewahrungspflichten), (ii) bestehenden Pflichten zur Durchf\u00fchrung von Compliance Screenings (um Wirtschaftskriminalit\u00e4t oder Geldw\u00e4sche vorzubeugen) sowie (iii) Dromos GmbH Richtlinien und Industriestandards und<\/span><\/li>\n<li><span style=\"color: #3f3f3f;\">Beilegen von Rechtsstreitigkeiten, Durchsetzen bestehender Vertr\u00e4ge und zur Geltendmachung, Aus\u00fcbung und Verteidigung von Rechtsanspr\u00fcchen.<\/span><\/li>\n<\/ul>\n<p>Die Verarbeitung der personenbezogenen Daten ist zur Erreichung der genannten Zwecke erforderlich. Soweit bei der Erhebung der personenbezogenen Daten nicht ausdr\u00fccklich anders angegeben, ist die Rechtsgrundlage f\u00fcr die Datenverarbeitung:<\/p>\n<ul>\n<li><span style=\"color: #3f3f3f;\">die Durchf\u00fchrung und Erf\u00fcllung eines Vertrags mit Ihnen (Artikel 6 (1) (b) der Datenschutzgrundverordnung),<\/span><\/li>\n<li><span style=\"color: #3f3f3f;\">die Erf\u00fcllung rechtlicher Pflichten, denen Dromos GmbH unterliegt (Artikel 6 (1) (c) der Datenschutzgrundverordnung), oder<\/span><\/li>\n<li><span style=\"color: #3f3f3f;\">die Wahrung berechtigter Interessen der Dromos GmbH (Artikel 6 (1) (f) der Datenschutzgrundverordnung).<\/span><\/li>\n<\/ul>\n<p>Das berechtigte Interesse von Dromos GmbH liegt in der Anbahnung, Durchf\u00fchrung und Abwicklung der Gesch\u00e4ftsbeziehung.<br \/>\nIn einigen F\u00e4llen bitten wir Sie ausdr\u00fccklich um Ihre Einwilligung in die Verarbeitung der personenbezogenen Daten. In diesem Fall ist die Rechtsgrundlage f\u00fcr die Verarbeitung der personenbezogenen Daten die von Ihnen erteilte Einwilligung (Artikel 6 (1) (a) der Datenschutzgrundverordnung).<\/p>\n<h4><strong>3. \u00dcbermittlung und Weitergabe der personenbezogenen Daten<\/strong><\/h4>\n<p>Dromos GmbH \u00fcbermittelt Ihre personenbezogenen Daten gegebenenfalls an:<\/p>\n<ul>\n<li><span style=\"color: #3f3f3f;\">IT-Dienstleister, die Daten im Rahmen Ihrer Leistungserbringung verarbeiten (wie z.B. Dienstleister f\u00fcr IT Wartungst\u00e4tigkeiten), oder<\/span><\/li>\n<li><span style=\"color: #3f3f3f;\">Gerichte, Schiedsgerichte, Beh\u00f6rden oder Rechtsberater, wenn dies zur Einhaltung geltenden Rechts, oder zu Geltendmachung, Aus\u00fcbung oder Verteidigung von Rechtsanspr\u00fcchen erforderlich ist.<\/span><\/li>\n<\/ul>\n<p class=\" translation-block\">Die Empf\u00e4nger haben ihren Sitz teilweise in L\u00e4ndern, deren Datenschutzgesetze ein Schutzniveau vermitteln, das nicht dem Schutzniveau des Landes entspricht, in dem Sie Ihren (Wohn-)Sitz haben.\nIn diesem Fall ergreift Dromos GmbH Ma\u00dfnahmen, um geeignete und angemessene Garantien zum Schutz der personenbezogenen Daten anderweitig sicherzustellen.<\/p>\n<h4><strong>4. Speicherfristen<\/strong><\/h4>\n<p>Soweit bei der Erhebung (z.B. im Rahmen einer Einwilligungserkl\u00e4rung) keine ausdr\u00fcckliche Speicherdauer angegeben wird, werden Ihre personenbezogenen Daten gel\u00f6scht, soweit diese nicht mehr zur Erf\u00fcllung des Zweckes der Speicherung erforderlich sind, es sei denn gesetzliche Aufbewahrungspflichten (z.B. handels- und steuerrechtliche Aufbewahrungspflichten) stehen einer L\u00f6schung entgegen.<\/p>\n<h4><strong>5. Widerruflichkeit erteilter Einwilligungserkl\u00e4rung<\/strong><\/h4>\n<p>Wenn Sie uns eine Einwilligung zur Verarbeitung Ihrer personenbezogenen Daten erteilt haben, haben Sie das Recht die erteilte Einwilligung jederzeit mit Wirkung f\u00fcr die Zukunft zu widerrufen. Der Widerruf ber\u00fchrt die Rechtm\u00e4\u00dfigkeit der vor dem Widerruf auf Basis der Einwilligung erfolgten Verarbeitung nicht. Nach erfolgtem Widerruf darf Dromos GmbH die personenbezogenen Daten nur insoweit weiterverarbeiten, als Dromos GmbH die Verarbeitung auf eine anderweitige Rechtsgrundlage st\u00fctzen kann.<\/p>\n<h4><strong>6. Ihre Rechte<\/strong><\/h4>\n<p>Nach anwendbarem Datenschutzrecht haben Sie gegebenenfalls das Recht:<\/p>\n<ul>\n<li><span style=\"color: #3f3f3f;\">eine Best\u00e4tigung dar\u00fcber zu verlangen, ob Dromos GmbH personenbezogene Daten \u00fcber Sie verarbeitet und Auskunft \u00fcber die von Dromos GmbH verarbeiteten personenbezogene Daten sowie weitere Informationen zu erhalten,<\/span><\/li>\n<li><span style=\"color: #3f3f3f;\">die Berichtigung unrichtiger personenbezogener Daten zu verlangen,<\/span><\/li>\n<li><span style=\"color: #3f3f3f;\">die L\u00f6schung der durch Dromos GmbH verarbeiteten personenbezogenen Daten zu verlangen,<\/span><\/li>\n<li><span style=\"color: #3f3f3f;\">die Einschr\u00e4nkung der Verarbeitung personenbezogener Daten durch Dromos GmbH zu verlangen,<\/span><\/li>\n<li><span style=\"color: #3f3f3f;\">die \u00dcbertragung der Daten zu verlangen oder<\/span><\/li>\n<li><span style=\"color: #3f3f3f;\">der Datenverarbeitung personenbezogener Daten durch Dromos GmbH zu widersprechen.<\/span><\/li>\n<\/ul>\n<h4><strong>7. Ansprechpartner<\/strong><\/h4>\n<p>Dromos GmbH unterst\u00fctzt bei allen Fragen rund um das Thema Datenschutz. Auch k\u00f6nnen Beschwerden gegen\u00fcber Dromos GmbH angebracht und die in dieser Datenschutzerkl\u00e4rung genannten Rechte geltend gemacht werden.<\/p>\n<p>Dromos GmbH ist immer bestrebt, Ihre Anfragen und Beschwerden zu adressieren und diesen abzuhelfen. Neben der Kontaktaufnahme mit uns haben Sie aber auch jederzeit die M\u00f6glichkeit, die zust\u00e4ndige Datenschutzaufsichtsbeh\u00f6rde zu kontaktieren.<\/p>\n<p>Eine \u00dcbersicht der nationalen und internationalen Datenschutzbeh\u00f6rden ist hier abrufbar.<\/p>\n<p>https:\/\/ec.europa.eu\/newsroom\/article29\/item-detail.cfm?item_id=612080<\/p>\n<\/div><\/section>","protected":false},"excerpt":{"rendered":"","protected":false},"author":1,"featured_media":0,"parent":206,"menu_order":0,"comment_status":"closed","ping_status":"closed","template":"","meta":{"footnotes":""},"class_list":["post-3","page","type-page","status-publish","hentry"],"_links":{"self":[{"href":"https:\/\/dromos.network\/de\/wp-json\/wp\/v2\/pages\/3","targetHints":{"allow":["GET"]}}],"collection":[{"href":"https:\/\/dromos.network\/de\/wp-json\/wp\/v2\/pages"}],"about":[{"href":"https:\/\/dromos.network\/de\/wp-json\/wp\/v2\/types\/page"}],"author":[{"embeddable":true,"href":"https:\/\/dromos.network\/de\/wp-json\/wp\/v2\/users\/1"}],"replies":[{"embeddable":true,"href":"https:\/\/dromos.network\/de\/wp-json\/wp\/v2\/comments?post=3"}],"version-history":[{"count":10,"href":"https:\/\/dromos.network\/de\/wp-json\/wp\/v2\/pages\/3\/revisions"}],"predecessor-version":[{"id":1027,"href":"https:\/\/dromos.network\/de\/wp-json\/wp\/v2\/pages\/3\/revisions\/1027"}],"up":[{"embeddable":true,"href":"https:\/\/dromos.network\/de\/wp-json\/wp\/v2\/pages\/206"}],"wp:attachment":[{"href":"https:\/\/dromos.network\/de\/wp-json\/wp\/v2\/media?parent=3"}],"curies":[{"name":"wp","href":"https:\/\/api.w.org\/{rel}","templated":true}]}}